{"id":3,"date":"2025-08-12T12:16:38","date_gmt":"2025-08-12T12:16:38","guid":{"rendered":"http:\/\/dkubicek.com\/?page_id=3"},"modified":"2026-03-18T10:55:03","modified_gmt":"2026-03-18T10:55:03","slug":"privacy-policy","status":"publish","type":"page","link":"https:\/\/dkubicek.com\/en\/privacy-policy\/","title":{"rendered":"Ochrana osobn\u00edch \u00fadaj\u016f"},"content":{"rendered":"<div data-elementor-type=\"wp-page\" data-elementor-id=\"3\" class=\"elementor elementor-3\">\n\t\t\t\t<div class=\"elementor-element elementor-element-e1d0763 e-flex e-con-boxed e-con e-parent\" data-id=\"e1d0763\" data-element_type=\"container\">\n\t\t\t\t\t<div class=\"e-con-inner\">\n\t\t\t\t<div class=\"elementor-element elementor-element-5820d8a3 elementor-widget elementor-widget-text-editor\" data-id=\"5820d8a3\" data-element_type=\"widget\" data-widget_type=\"text-editor.default\">\n\t\t\t\t\t\t\t\t\t\n<h3 class=\"wp-block-heading\" data-section-id=\"1f5luco\" data-start=\"152\" data-end=\"167\">1. Kdo jsme<\/h3>\n<p data-start=\"169\" data-end=\"239\">Tento web provozuje David Kub\u00ed\u010dek.<br data-start=\"203\" data-end=\"206\" \/>Adresa webu: <a class=\"decorated-link\" href=\"https:\/\/dkubicek.com\/en\/\" target=\"_new\" rel=\"noopener\" data-start=\"219\" data-end=\"239\">https:\/\/dkubicek.com<\/a><\/p>\n<p data-start=\"241\" data-end=\"372\">V p\u0159\u00edpad\u011b dotaz\u016f ohledn\u011b zpracov\u00e1n\u00ed osobn\u00edch \u00fadaj\u016f m\u011b m\u016f\u017eete kontaktovat prost\u0159ednictv\u00edm kontaktn\u00edch \u00fadaj\u016f uveden\u00fdch na tomto webu.<\/p>\n<hr data-start=\"374\" data-end=\"377\" \/>\n<h3 data-section-id=\"1ov24j1\" data-start=\"379\" data-end=\"423\">2. Jak\u00e9 osobn\u00ed \u00fadaje zpracov\u00e1v\u00e1me a pro\u010d<\/h3>\n<h4 data-start=\"425\" data-end=\"439\">Koment\u00e1\u0159e<\/h4>\n<p data-start=\"441\" data-end=\"592\">P\u0159i p\u0159id\u00e1n\u00ed koment\u00e1\u0159e na webu shroma\u017e\u010fujeme \u00fadaje uveden\u00e9 ve formul\u00e1\u0159i pro koment\u00e1\u0159, d\u00e1le IP adresu n\u00e1v\u0161t\u011bvn\u00edka a identifikaci prohl\u00ed\u017ee\u010de (user agent).<\/p>\n<p data-start=\"594\" data-end=\"735\">Tyto \u00fadaje zpracov\u00e1v\u00e1me za \u00fa\u010delem ochrany proti spamu a zaji\u0161t\u011bn\u00ed bezpe\u010dnosti webu, co\u017e je opr\u00e1vn\u011bn\u00fd z\u00e1jem podle \u010dl. 6 odst. 1 p\u00edsm. f) GDPR.<\/p>\n<p data-start=\"737\" data-end=\"1050\">Anonymizovan\u00fd \u0159et\u011bzec vytvo\u0159en\u00fd z va\u0161\u00ed e-mailov\u00e9 adresy m\u016f\u017ee b\u00fdt poskytnut slu\u017eb\u011b Gravatar za \u00fa\u010delem ov\u011b\u0159en\u00ed, zda ji pou\u017e\u00edv\u00e1te. Z\u00e1sady ochrany osobn\u00edch \u00fadaj\u016f slu\u017eby Gravatar jsou dostupn\u00e9 zde: <a class=\"decorated-link\" href=\"https:\/\/automattic.com\/privacy\/\" target=\"_new\" rel=\"noopener\" data-start=\"930\" data-end=\"961\">https:\/\/automattic.com\/privacy\/<\/a>. Po schv\u00e1len\u00ed koment\u00e1\u0159e m\u016f\u017ee b\u00fdt v\u00e1\u0161 profilov\u00fd obr\u00e1zek ve\u0159ejn\u011b zobrazen vedle koment\u00e1\u0159e.<\/p>\n<hr data-start=\"1052\" data-end=\"1055\" \/>\n<h4 data-start=\"1057\" data-end=\"1067\">M\u00e9dia<\/h4>\n<p data-start=\"1069\" data-end=\"1233\">Pokud na web nahr\u00e1v\u00e1te obr\u00e1zky, vyhn\u011bte se nahr\u00e1v\u00e1n\u00ed soubor\u016f obsahuj\u00edc\u00edch lokaliza\u010dn\u00ed data (EXIF GPS). N\u00e1v\u0161t\u011bvn\u00edci webu mohou tato data z obr\u00e1zk\u016f st\u00e1hnout a z\u00edskat.<\/p>\n<hr data-start=\"1235\" data-end=\"1238\" \/>\n<h3 data-section-id=\"sg5zxo\" data-start=\"1240\" data-end=\"1254\">3. Cookies<\/h3>\n<p data-start=\"1256\" data-end=\"1349\">Tento web pou\u017e\u00edv\u00e1 cookies pro zaji\u0161t\u011bn\u00ed spr\u00e1vn\u00e9ho fungov\u00e1n\u00ed a zlep\u0161en\u00ed u\u017eivatelsk\u00e9ho z\u00e1\u017eitku.<\/p>\n<p data-start=\"1351\" data-end=\"1403\">Nepovinn\u00e9 cookies pou\u017e\u00edv\u00e1me pouze s va\u0161\u00edm souhlasem.<\/p>\n<p data-start=\"1405\" data-end=\"1577\">Pokud p\u0159id\u00e1te koment\u00e1\u0159, m\u016f\u017eete si zvolit ulo\u017een\u00ed jm\u00e9na, e-mailu a webov\u00e9 str\u00e1nky do cookies. Tyto cookies jsou ulo\u017eeny po dobu jednoho roku a slou\u017e\u00ed pouze pro va\u0161e pohodl\u00ed.<\/p>\n<p data-start=\"1579\" data-end=\"1764\">P\u0159i n\u00e1v\u0161t\u011bv\u011b p\u0159ihla\u0161ovac\u00ed str\u00e1nky m\u016f\u017ee b\u00fdt nastaven do\u010dasn\u00fd cookie pro ov\u011b\u0159en\u00ed, zda v\u00e1\u0161 prohl\u00ed\u017ee\u010d cookies p\u0159ij\u00edm\u00e1. Tento cookie neobsahuje osobn\u00ed \u00fadaje a po zav\u0159en\u00ed prohl\u00ed\u017ee\u010de se sma\u017ee.<\/p>\n<p data-start=\"1766\" data-end=\"1995\">P\u0159ihla\u0161ovac\u00ed cookies uchov\u00e1vaj\u00ed informace o p\u0159ihl\u00e1\u0161en\u00ed a nastaven\u00ed zobrazen\u00ed. P\u0159ihla\u0161ovac\u00ed cookies maj\u00ed platnost dva dny, cookies pro nastaven\u00ed zobrazen\u00ed jeden rok. Volbou \u201eZapamatovat si m\u011b\u201c se p\u0159ihl\u00e1\u0161en\u00ed prodlou\u017e\u00ed na dva t\u00fddny.<\/p>\n<p data-start=\"1997\" data-end=\"2047\">Po odhl\u00e1\u0161en\u00ed jsou p\u0159ihla\u0161ovac\u00ed cookies odstran\u011bny.<\/p>\n<p data-start=\"2049\" data-end=\"2181\">P\u0159i \u00faprav\u011b nebo publikov\u00e1n\u00ed obsahu m\u016f\u017ee b\u00fdt ulo\u017een dal\u0161\u00ed cookie, kter\u00fd neobsahuje osobn\u00ed \u00fadaje a jeho platnost vypr\u0161\u00ed po jednom dni.<\/p>\n<p data-start=\"2183\" data-end=\"2300\">Cookies zpracov\u00e1v\u00e1me na z\u00e1klad\u011b souhlasu nebo opr\u00e1vn\u011bn\u00e9ho z\u00e1jmu v souladu s \u010dl. 6 GDPR, v z\u00e1vislosti na jejich \u00fa\u010delu.<\/p>\n<hr data-start=\"2302\" data-end=\"2305\" \/>\n<h3 data-section-id=\"jojvzc\" data-start=\"2307\" data-end=\"2341\">4. Vlo\u017een\u00fd obsah z jin\u00fdch web\u016f<\/h3>\n<p data-start=\"2343\" data-end=\"2446\">\u010cl\u00e1nky na tomto webu mohou obsahovat vlo\u017een\u00fd obsah, nap\u0159\u00edklad videa, obr\u00e1zky nebo \u010dl\u00e1nky z jin\u00fdch web\u016f.<\/p>\n<p data-start=\"2448\" data-end=\"2516\">Vlo\u017een\u00fd obsah se chov\u00e1 stejn\u011b, jako byste nav\u0161t\u00edvili dan\u00fd web p\u0159\u00edmo.<\/p>\n<p data-start=\"2518\" data-end=\"2683\">Tyto weby mohou shroma\u017e\u010fovat \u00fadaje o v\u00e1s, pou\u017e\u00edvat cookies, vyu\u017e\u00edvat n\u00e1stroje t\u0159et\u00edch stran a sledovat va\u0161i interakci s obsahem, zejm\u00e9na pokud jste k nim p\u0159ihl\u00e1\u0161eni.<\/p>\n<hr data-start=\"2685\" data-end=\"2688\" \/>\n<h3 data-section-id=\"1shxbid\" data-start=\"2690\" data-end=\"2721\">5. S k\u00fdm sd\u00edl\u00edme va\u0161e \u00fadaje<\/h3>\n<p data-start=\"2723\" data-end=\"2805\">Pokud po\u017e\u00e1d\u00e1te o reset hesla, bude va\u0161e IP adresa zahrnuta v e-mailu pro obnoven\u00ed.<\/p>\n<p data-start=\"2807\" data-end=\"2901\">Koment\u00e1\u0159e n\u00e1v\u0161t\u011bvn\u00edk\u016f mohou b\u00fdt kontrolov\u00e1ny pomoc\u00ed automatizovan\u00fdch slu\u017eeb pro detekci spamu.<\/p>\n<p data-start=\"2903\" data-end=\"2987\">Osobn\u00ed \u00fadaje nejsou prod\u00e1v\u00e1ny ani poskytov\u00e1ny t\u0159et\u00edm stran\u00e1m pro marketingov\u00e9 \u00fa\u010dely.<\/p>\n<hr data-start=\"2989\" data-end=\"2992\" \/>\n<h3 data-section-id=\"z6f101\" data-start=\"2994\" data-end=\"3033\">6. Jak dlouho uchov\u00e1v\u00e1me va\u0161e \u00fadaje<\/h3>\n<p data-start=\"3035\" data-end=\"3166\">Koment\u00e1\u0159e a jejich metadata uchov\u00e1v\u00e1me bez \u010dasov\u00e9ho omezen\u00ed, abychom mohli automaticky rozpoznat a schvalovat navazuj\u00edc\u00ed koment\u00e1\u0159e.<\/p>\n<p data-start=\"3168\" data-end=\"3303\">U registrovan\u00fdch u\u017eivatel\u016f uchov\u00e1v\u00e1me osobn\u00ed \u00fadaje v u\u017eivatelsk\u00e9m profilu do doby smaz\u00e1n\u00ed \u00fa\u010dtu nebo pod\u00e1n\u00ed \u017e\u00e1dosti o jejich odstran\u011bn\u00ed.<\/p>\n<hr data-start=\"3305\" data-end=\"3308\" \/>\n<h3 data-section-id=\"1ay3k5n\" data-start=\"3310\" data-end=\"3338\">7. Va\u0161e pr\u00e1va podle GDPR<\/h3>\n<p data-start=\"3340\" data-end=\"3407\">Podle obecn\u00e9ho na\u0159\u00edzen\u00ed o ochran\u011b osobn\u00edch \u00fadaj\u016f (GDPR) m\u00e1te pr\u00e1vo:<\/p>\n<ul data-start=\"3409\" data-end=\"3644\">\n<li data-section-id=\"15n8zwy\" data-start=\"3409\" data-end=\"3446\">\n<p data-start=\"3411\" data-end=\"3446\">na p\u0159\u00edstup ke sv\u00fdm osobn\u00edm \u00fadaj\u016fm<\/p>\n<\/li>\n<li data-section-id=\"b2auce\" data-start=\"3447\" data-end=\"3477\">\n<p data-start=\"3449\" data-end=\"3477\">na opravu nep\u0159esn\u00fdch \u00fadaj\u016f<\/p>\n<\/li>\n<li data-section-id=\"1aoebw9\" data-start=\"3478\" data-end=\"3505\">\n<p data-start=\"3480\" data-end=\"3505\">na v\u00fdmaz osobn\u00edch \u00fadaj\u016f<\/p>\n<\/li>\n<li data-section-id=\"8u4kfe\" data-start=\"3506\" data-end=\"3550\">\n<p data-start=\"3508\" data-end=\"3550\">na omezen\u00ed nebo n\u00e1mitku proti zpracov\u00e1n\u00ed<\/p>\n<\/li>\n<li data-section-id=\"1if3ysx\" data-start=\"3551\" data-end=\"3578\">\n<p data-start=\"3553\" data-end=\"3578\">na p\u0159enositelnost \u00fadaj\u016f<\/p>\n<\/li>\n<li data-section-id=\"2hdw7j\" data-start=\"3579\" data-end=\"3644\">\n<p data-start=\"3581\" data-end=\"3644\">kdykoliv odvolat souhlas, pokud je zpracov\u00e1n\u00ed na n\u011bm zalo\u017eeno<\/p>\n<\/li>\n<\/ul>\n<p data-start=\"3646\" data-end=\"3740\">Pro uplatn\u011bn\u00ed t\u011bchto pr\u00e1v m\u011b m\u016f\u017eete kontaktovat prost\u0159ednictv\u00edm \u00fadaj\u016f uveden\u00fdch na tomto webu.<\/p>\n<p data-start=\"3742\" data-end=\"3845\">N\u011bkter\u00e9 \u00fadaje mohou b\u00fdt uchov\u00e1v\u00e1ny, pokud to vy\u017eaduj\u00ed pr\u00e1vn\u00ed, administrativn\u00ed nebo bezpe\u010dnostn\u00ed d\u016fvody.<\/p>\n<hr data-start=\"3847\" data-end=\"3850\" \/>\n<h3 data-section-id=\"paqw2g\" data-start=\"3852\" data-end=\"3891\">8. Kde jsou va\u0161e \u00fadaje zpracov\u00e1v\u00e1ny<\/h3>\n<p data-start=\"3893\" data-end=\"4120\">Koment\u00e1\u0159e n\u00e1v\u0161t\u011bvn\u00edk\u016f mohou b\u00fdt zpracov\u00e1v\u00e1ny pomoc\u00ed automatizovan\u00fdch slu\u017eeb pro detekci spamu, kter\u00e9 mohou b\u00fdt um\u00edst\u011bny mimo Evropskou unii. V takov\u00fdch p\u0159\u00edpadech jsou uplat\u0148ov\u00e1na odpov\u00eddaj\u00edc\u00ed ochrann\u00e1 opat\u0159en\u00ed v souladu s GDPR.<\/p>\n<hr data-start=\"4122\" data-end=\"4125\" \/>\n<h3 data-section-id=\"17lkblk\" data-start=\"4127\" data-end=\"4152\">9. Zm\u011bny t\u011bchto z\u00e1sad<\/h3>\n<p data-start=\"4154\" data-end=\"4274\">Tyto z\u00e1sady ochrany osobn\u00edch \u00fadaj\u016f mohou b\u00fdt aktualizov\u00e1ny v n\u00e1vaznosti na zm\u011bny pr\u00e1vn\u00edch p\u0159edpis\u016f nebo funk\u010dnosti webu.<\/p>\n<p data-start=\"4276\" data-end=\"4324\">Aktu\u00e1ln\u00ed verze je v\u017edy dostupn\u00e1 na t\u00e9to str\u00e1nce.<\/p>\n\t\t\t\t\t\t\t\t<\/div>\n\t\t\t\t\t<\/div>\n\t\t\t\t<\/div>\n\t\t\t\t<\/div>","protected":false},"excerpt":{"rendered":"<p>1. Kdo jsme Tento web provozuje David Kub\u00ed\u010dek.Adresa webu: https:\/\/dkubicek.com V p\u0159\u00edpad\u011b dotaz\u016f ohledn\u011b zpracov\u00e1n\u00ed osobn\u00edch \u00fadaj\u016f m\u011b m\u016f\u017eete kontaktovat prost\u0159ednictv\u00edm kontaktn\u00edch \u00fadaj\u016f uveden\u00fdch na tomto webu. 2. Jak\u00e9 osobn\u00ed \u00fadaje zpracov\u00e1v\u00e1me a pro\u010d Koment\u00e1\u0159e P\u0159i p\u0159id\u00e1n\u00ed koment\u00e1\u0159e na webu shroma\u017e\u010fujeme \u00fadaje uveden\u00e9 ve formul\u00e1\u0159i pro koment\u00e1\u0159, d\u00e1le IP adresu n\u00e1v\u0161t\u011bvn\u00edka a identifikaci prohl\u00ed\u017ee\u010de (user [&hellip;]<\/p>\n","protected":false},"author":1,"featured_media":0,"parent":0,"menu_order":0,"comment_status":"closed","ping_status":"open","template":"","meta":{"footnotes":""},"class_list":["post-3","page","type-page","status-publish","hentry"],"yoast_head":"<!-- This site is optimized with the Yoast SEO plugin v25.7 - https:\/\/yoast.com\/wordpress\/plugins\/seo\/ -->\n<title>Ochrana osobn\u00edch \u00fadaj\u016f | David Kub\u00ed\u010dek<\/title>\n<meta name=\"robots\" content=\"index, follow, max-snippet:-1, max-image-preview:large, max-video-preview:-1\" \/>\n<link rel=\"canonical\" href=\"https:\/\/dkubicek.com\/en\/privacy-policy\/\" \/>\n<meta property=\"og:locale\" content=\"en_US\" \/>\n<meta property=\"og:type\" content=\"article\" \/>\n<meta property=\"og:title\" content=\"Ochrana osobn\u00edch \u00fadaj\u016f | David Kub\u00ed\u010dek\" \/>\n<meta property=\"og:description\" content=\"1. Kdo jsme Tento web provozuje David Kub\u00ed\u010dek.Adresa webu: https:\/\/dkubicek.com V p\u0159\u00edpad\u011b dotaz\u016f ohledn\u011b zpracov\u00e1n\u00ed osobn\u00edch \u00fadaj\u016f m\u011b m\u016f\u017eete kontaktovat prost\u0159ednictv\u00edm kontaktn\u00edch \u00fadaj\u016f uveden\u00fdch na tomto webu. 2. Jak\u00e9 osobn\u00ed \u00fadaje zpracov\u00e1v\u00e1me a pro\u010d Koment\u00e1\u0159e P\u0159i p\u0159id\u00e1n\u00ed koment\u00e1\u0159e na webu shroma\u017e\u010fujeme \u00fadaje uveden\u00e9 ve formul\u00e1\u0159i pro koment\u00e1\u0159, d\u00e1le IP adresu n\u00e1v\u0161t\u011bvn\u00edka a identifikaci prohl\u00ed\u017ee\u010de (user [&hellip;]\" \/>\n<meta property=\"og:url\" content=\"https:\/\/dkubicek.com\/en\/privacy-policy\/\" \/>\n<meta property=\"og:site_name\" content=\"David Kubicek\" \/>\n<meta property=\"article:modified_time\" content=\"2026-03-18T10:55:03+00:00\" \/>\n<meta name=\"twitter:card\" content=\"summary_large_image\" \/>\n<meta name=\"twitter:label1\" content=\"Est. reading time\" \/>\n\t<meta name=\"twitter:data1\" content=\"3 minutes\" \/>\n<script type=\"application\/ld+json\" class=\"yoast-schema-graph\">{\"@context\":\"https:\/\/schema.org\",\"@graph\":[{\"@type\":\"WebPage\",\"@id\":\"https:\/\/dkubicek.com\/privacy-policy\/\",\"url\":\"https:\/\/dkubicek.com\/privacy-policy\/\",\"name\":\"Ochrana osobn\u00edch \u00fadaj\u016f | David Kub\u00ed\u010dek\",\"isPartOf\":{\"@id\":\"https:\/\/dkubicek.com\/#website\"},\"datePublished\":\"2025-08-12T12:16:38+00:00\",\"dateModified\":\"2026-03-18T10:55:03+00:00\",\"breadcrumb\":{\"@id\":\"https:\/\/dkubicek.com\/privacy-policy\/#breadcrumb\"},\"inLanguage\":\"en-US\",\"potentialAction\":[{\"@type\":\"ReadAction\",\"target\":[\"https:\/\/dkubicek.com\/privacy-policy\/\"]}]},{\"@type\":\"BreadcrumbList\",\"@id\":\"https:\/\/dkubicek.com\/privacy-policy\/#breadcrumb\",\"itemListElement\":[{\"@type\":\"ListItem\",\"position\":1,\"name\":\"Home\",\"item\":\"https:\/\/dkubicek.com\/\"},{\"@type\":\"ListItem\",\"position\":2,\"name\":\"Ochrana osobn\u00edch \u00fadaj\u016f\"}]},{\"@type\":\"WebSite\",\"@id\":\"https:\/\/dkubicek.com\/#website\",\"url\":\"https:\/\/dkubicek.com\/\",\"name\":\"David Kubicek\",\"description\":\"Marketing, project management &amp; content\",\"publisher\":{\"@id\":\"https:\/\/dkubicek.com\/#organization\"},\"potentialAction\":[{\"@type\":\"SearchAction\",\"target\":{\"@type\":\"EntryPoint\",\"urlTemplate\":\"https:\/\/dkubicek.com\/?s={search_term_string}\"},\"query-input\":{\"@type\":\"PropertyValueSpecification\",\"valueRequired\":true,\"valueName\":\"search_term_string\"}}],\"inLanguage\":\"en-US\"},{\"@type\":\"Organization\",\"@id\":\"https:\/\/dkubicek.com\/#organization\",\"name\":\"David Kubicek\",\"url\":\"https:\/\/dkubicek.com\/\",\"logo\":{\"@type\":\"ImageObject\",\"inLanguage\":\"en-US\",\"@id\":\"https:\/\/dkubicek.com\/#\/schema\/logo\/image\/\",\"url\":\"https:\/\/dkubicek.com\/wp-content\/uploads\/2025\/08\/David-Kubicek.png\",\"contentUrl\":\"https:\/\/dkubicek.com\/wp-content\/uploads\/2025\/08\/David-Kubicek.png\",\"width\":350,\"height\":100,\"caption\":\"David Kubicek\"},\"image\":{\"@id\":\"https:\/\/dkubicek.com\/#\/schema\/logo\/image\/\"}}]}<\/script>\n<!-- \/ Yoast SEO plugin. -->","yoast_head_json":{"title":"Ochrana osobn\u00edch \u00fadaj\u016f | David Kub\u00ed\u010dek","robots":{"index":"index","follow":"follow","max-snippet":"max-snippet:-1","max-image-preview":"max-image-preview:large","max-video-preview":"max-video-preview:-1"},"canonical":"https:\/\/dkubicek.com\/en\/privacy-policy\/","og_locale":"en_US","og_type":"article","og_title":"Ochrana osobn\u00edch \u00fadaj\u016f | David Kub\u00ed\u010dek","og_description":"1. Kdo jsme Tento web provozuje David Kub\u00ed\u010dek.Adresa webu: https:\/\/dkubicek.com V p\u0159\u00edpad\u011b dotaz\u016f ohledn\u011b zpracov\u00e1n\u00ed osobn\u00edch \u00fadaj\u016f m\u011b m\u016f\u017eete kontaktovat prost\u0159ednictv\u00edm kontaktn\u00edch \u00fadaj\u016f uveden\u00fdch na tomto webu. 2. Jak\u00e9 osobn\u00ed \u00fadaje zpracov\u00e1v\u00e1me a pro\u010d Koment\u00e1\u0159e P\u0159i p\u0159id\u00e1n\u00ed koment\u00e1\u0159e na webu shroma\u017e\u010fujeme \u00fadaje uveden\u00e9 ve formul\u00e1\u0159i pro koment\u00e1\u0159, d\u00e1le IP adresu n\u00e1v\u0161t\u011bvn\u00edka a identifikaci prohl\u00ed\u017ee\u010de (user [&hellip;]","og_url":"https:\/\/dkubicek.com\/en\/privacy-policy\/","og_site_name":"David Kubicek","article_modified_time":"2026-03-18T10:55:03+00:00","twitter_card":"summary_large_image","twitter_misc":{"Est. reading time":"3 minutes"},"schema":{"@context":"https:\/\/schema.org","@graph":[{"@type":"WebPage","@id":"https:\/\/dkubicek.com\/privacy-policy\/","url":"https:\/\/dkubicek.com\/privacy-policy\/","name":"Ochrana osobn\u00edch \u00fadaj\u016f | David Kub\u00ed\u010dek","isPartOf":{"@id":"https:\/\/dkubicek.com\/#website"},"datePublished":"2025-08-12T12:16:38+00:00","dateModified":"2026-03-18T10:55:03+00:00","breadcrumb":{"@id":"https:\/\/dkubicek.com\/privacy-policy\/#breadcrumb"},"inLanguage":"en-US","potentialAction":[{"@type":"ReadAction","target":["https:\/\/dkubicek.com\/privacy-policy\/"]}]},{"@type":"BreadcrumbList","@id":"https:\/\/dkubicek.com\/privacy-policy\/#breadcrumb","itemListElement":[{"@type":"ListItem","position":1,"name":"Home","item":"https:\/\/dkubicek.com\/"},{"@type":"ListItem","position":2,"name":"Ochrana osobn\u00edch \u00fadaj\u016f"}]},{"@type":"WebSite","@id":"https:\/\/dkubicek.com\/#website","url":"https:\/\/dkubicek.com\/","name":"David Kubicek","description":"Marketing, project management &amp; content","publisher":{"@id":"https:\/\/dkubicek.com\/#organization"},"potentialAction":[{"@type":"SearchAction","target":{"@type":"EntryPoint","urlTemplate":"https:\/\/dkubicek.com\/?s={search_term_string}"},"query-input":{"@type":"PropertyValueSpecification","valueRequired":true,"valueName":"search_term_string"}}],"inLanguage":"en-US"},{"@type":"Organization","@id":"https:\/\/dkubicek.com\/#organization","name":"David Kubicek","url":"https:\/\/dkubicek.com\/","logo":{"@type":"ImageObject","inLanguage":"en-US","@id":"https:\/\/dkubicek.com\/#\/schema\/logo\/image\/","url":"https:\/\/dkubicek.com\/wp-content\/uploads\/2025\/08\/David-Kubicek.png","contentUrl":"https:\/\/dkubicek.com\/wp-content\/uploads\/2025\/08\/David-Kubicek.png","width":350,"height":100,"caption":"David Kubicek"},"image":{"@id":"https:\/\/dkubicek.com\/#\/schema\/logo\/image\/"}}]}},"_links":{"self":[{"href":"https:\/\/dkubicek.com\/en\/wp-json\/wp\/v2\/pages\/3","targetHints":{"allow":["GET"]}}],"collection":[{"href":"https:\/\/dkubicek.com\/en\/wp-json\/wp\/v2\/pages"}],"about":[{"href":"https:\/\/dkubicek.com\/en\/wp-json\/wp\/v2\/types\/page"}],"author":[{"embeddable":true,"href":"https:\/\/dkubicek.com\/en\/wp-json\/wp\/v2\/users\/1"}],"replies":[{"embeddable":true,"href":"https:\/\/dkubicek.com\/en\/wp-json\/wp\/v2\/comments?post=3"}],"version-history":[{"count":9,"href":"https:\/\/dkubicek.com\/en\/wp-json\/wp\/v2\/pages\/3\/revisions"}],"predecessor-version":[{"id":265,"href":"https:\/\/dkubicek.com\/en\/wp-json\/wp\/v2\/pages\/3\/revisions\/265"}],"wp:attachment":[{"href":"https:\/\/dkubicek.com\/en\/wp-json\/wp\/v2\/media?parent=3"}],"curies":[{"name":"wp","href":"https:\/\/api.w.org\/{rel}","templated":true}]}}